{"id":401,"date":"2019-11-13T20:17:22","date_gmt":"2019-11-13T19:17:22","guid":{"rendered":"https:\/\/granddesigneurope.com\/?page_id=401"},"modified":"2019-11-25T08:57:04","modified_gmt":"2019-11-25T07:57:04","slug":"porque-nosotros","status":"publish","type":"page","link":"https:\/\/granddesigneurope.com\/es\/porque-nosotros\/","title":{"rendered":"Porque nosotros"},"content":{"rendered":"<p><div class=\"fusion-fullwidth fullwidth-box fusion-builder-row-1 nonhundred-percent-fullwidth non-hundred-percent-height-scrolling fusion-equal-height-columns\" style=\"--awb-border-radius-top-left:0px;--awb-border-radius-top-right:0px;--awb-border-radius-bottom-right:0px;--awb-border-radius-bottom-left:0px;--awb-margin-top:5%;--awb-flex-wrap:wrap;\" ><div class=\"fusion-builder-row fusion-row\"><div class=\"fusion-layout-column fusion_builder_column fusion-builder-column-0 fusion_builder_column_1_2 1_2 fusion-one-half fusion-column-first\" style=\"--awb-padding-top:1%;--awb-padding-right:5%;--awb-padding-bottom:1%;--awb-padding-left:5%;--awb-overflow:hidden;--awb-bg-color:#f7f7f7;--awb-bg-color-hover:#f7f7f7;--awb-bg-size:cover;--awb-border-radius:20px 20px 20px 20px;width:50%;width:calc(50% - ( ( 4% ) * 0.5 ) );margin-right: 4%;\"><div class=\"fusion-column-wrapper fusion-column-has-shadow fusion-flex-column-wrapper-legacy\"><div class=\"fusion-column-content-centered\"><div class=\"fusion-column-content\"><div class=\"forminator-ui forminator-custom-form forminator-custom-form-358 forminator-design--material forminator-enclosed forminator_ajax\" data-forminator-render=\"0\" data-form=\"forminator-module-358\" data-uid=\"69eb2ab23b856\"><br\/><\/div><form\n\t\t\t\tid=\"forminator-module-358\"\n\t\t\t\tclass=\"forminator-ui forminator-custom-form forminator-custom-form-358 forminator-design--material forminator-enclosed forminator_ajax\"\n\t\t\t\tmethod=\"post\"\n\t\t\t\tdata-forminator-render=\"0\"\n\t\t\t\tdata-form-id=\"358\"\n\t\t\t\t data-color-option=\"default\" data-design=\"material\" data-grid=\"enclosed\" style=\"display: none;\"\n\t\t\t\tdata-uid=\"69eb2ab23b856\"\n\t\t\t><div role=\"alert\" aria-live=\"polite\" class=\"forminator-response-message forminator-error\" aria-hidden=\"true\"><\/div><div class=\"forminator-row\"><div id=\"name-1\" class=\"forminator-field-name forminator-col forminator-col-6 \"><div class=\"forminator-field\"><label for=\"forminator-field-name-1_69eb2ab23b856\" id=\"forminator-field-name-1_69eb2ab23b856-label\" class=\"forminator-label\">Nombre <span class=\"forminator-required\">*<\/span><\/label><input type=\"text\" name=\"name-1\" value=\"\" placeholder=\"\" id=\"forminator-field-name-1_69eb2ab23b856\" class=\"forminator-input forminator-name--field\" aria-required=\"true\" autocomplete=\"name\" \/><\/div><\/div><div id=\"phone-1\" class=\"forminator-field-phone forminator-col forminator-col-6 \"><div class=\"forminator-field\"><label for=\"forminator-field-phone-1_69eb2ab23b856\" id=\"forminator-field-phone-1_69eb2ab23b856-label\" class=\"forminator-label\">Tel\u00e9fono<\/label><input type=\"text\" name=\"phone-1\" value=\"\" placeholder=\"\" id=\"forminator-field-phone-1_69eb2ab23b856\" class=\"forminator-input forminator-field--phone\" data-required=\"\" aria-required=\"false\" autocomplete=\"off\" data-validation=\"1\" \/><\/div><\/div><\/div><div class=\"forminator-row\"><div id=\"email-1\" class=\"forminator-field-email forminator-col forminator-col-12 \"><div class=\"forminator-field\"><label for=\"forminator-field-email-1_69eb2ab23b856\" id=\"forminator-field-email-1_69eb2ab23b856-label\" class=\"forminator-label\">Email <span class=\"forminator-required\">*<\/span><\/label><input type=\"email\" name=\"email-1\" value=\"\" placeholder=\"Email\" id=\"forminator-field-email-1_69eb2ab23b856\" class=\"forminator-input forminator-email--field\" data-required=\"true\" aria-required=\"true\" autocomplete=\"email\" \/><\/div><\/div><\/div><div class=\"forminator-row\"><div id=\"textarea-1\" class=\"forminator-field-textarea forminator-col forminator-col-12 \"><div class=\"forminator-field\"><label for=\"forminator-field-textarea-1_69eb2ab23b856\" id=\"forminator-field-textarea-1_69eb2ab23b856-label\" class=\"forminator-label\">Descripci\u00f3n del proyecto<\/label><textarea name=\"textarea-1\" placeholder=\"\" id=\"forminator-field-textarea-1_69eb2ab23b856\" class=\"forminator-textarea\" rows=\"6\" style=\"--forminator-textarea-min-height:140px;\" maxlength=\"180\" ><\/textarea><span id=\"forminator-field-textarea-1_69eb2ab23b856-description\" class=\"forminator-description\"><span data-limit=\"180\" data-type=\"characters\" data-editor=\"\">0 \/ 180<\/span><\/span><\/div><\/div><\/div><div class=\"forminator-row\"><div id=\"captcha-1\" class=\"forminator-field-captcha forminator-col forminator-col-12 \"><div class=\"forminator-captcha-left forminator-g-recaptcha recaptcha-invisible\" data-theme=\"light\" data-badge=\"inline\" data-sitekey=\"6LdhDZIUAAAAAPdCI55R4gLOXhcX_N_aRfkFZBDc\" data-size=\"invisible\"><\/div> <\/div><\/div><input type=\"hidden\" name=\"referer_url\" value=\"\" \/><div class=\"forminator-row forminator-row-last\"><div class=\"forminator-col\"><div class=\"forminator-field\"><button class=\"forminator-button forminator-button-submit\"><span>Send<\/span><span aria-hidden=\"true\"><\/span><\/button><\/div><\/div><\/div><input type=\"hidden\" id=\"forminator_nonce\" name=\"forminator_nonce\" value=\"da598b7b6d\" \/><input type=\"hidden\" name=\"_wp_http_referer\" value=\"\/es\/wp-json\/wp\/v2\/pages\/401\" \/><input type=\"hidden\" name=\"form_id\" value=\"358\"><input type=\"hidden\" name=\"page_id\" value=\"401\"><input type=\"hidden\" name=\"form_type\" value=\"\"><input type=\"hidden\" name=\"current_url\" value=\"https:\/\/granddesigneurope.com\/es\/porque-nosotros\/\"><input type=\"hidden\" name=\"render_id\" value=\"0\"><input type=\"hidden\" name=\"action\" value=\"forminator_submit_form_custom-forms\"><\/form><\/div><\/div><div class=\"fusion-clearfix\"><\/div><\/div><\/div><div class=\"fusion-layout-column fusion_builder_column fusion-builder-column-1 fusion_builder_column_1_2 1_2 fusion-one-half fusion-column-last\" style=\"--awb-bg-size:cover;width:50%;width:calc(50% - ( ( 4% ) * 0.5 ) );\"><div class=\"fusion-column-wrapper fusion-column-has-shadow fusion-flex-column-wrapper-legacy\"><div class=\"fusion-column-content-centered\"><div class=\"fusion-column-content\"><div class=\"fusion-text fusion-text-1\"><h1>SI TRABAJA CON GRAND DESIGN, VER\u00c1 COMO NOS ENCARGAMOS DE HACER QUE TODOS SUS SUE\u00d1OS SE CONVIERTAN EN REALIDAD<\/h1>\n<\/div><div class=\"fusion-sep-clear\"><\/div><div class=\"fusion-separator fusion-clearfix\" style=\"float:left;margin-bottom:4%;width:100%;max-width:5%;\"><div class=\"fusion-separator-border sep-single sep-solid\" style=\"--awb-height:20px;--awb-amount:20px;border-color:#e0dede;border-top-width:8px;\"><\/div><\/div><div class=\"fusion-sep-clear\"><\/div><div class=\"fusion-text fusion-text-2\"><p>Somos expertos en la gesti\u00f3n de proyectos de construcci\u00f3n en Marbella. Si acude a nosotros con un sue\u00f1o y un terreno, nos encargaremos de cada paso del proceso, desde la elaboraci\u00f3n de los planos iniciales hasta el acabado final. Dise\u00f1ar, construir y vender una nueva propiedad suele ser un proceso arduo, repleto de dilaciones, costes y sacrificios inesperados, pero no tendr\u00e1 que sobrellevar nada de eso si escoge a Otero.<\/p>\n<p>Le garantizamos que, tras aceptar un presupuesto con nosotros, le entregaremos su casa en el plazo y por el presupuesto acordados, lo que supone una gran tranquilidad para nuestros clientes.<\/p>\n<\/div><\/div><\/div><div class=\"fusion-clearfix\"><\/div><\/div><\/div><\/div><\/div><div class=\"fusion-fullwidth fullwidth-box fusion-builder-row-2 nonhundred-percent-fullwidth non-hundred-percent-height-scrolling fusion-equal-height-columns\" style=\"--awb-border-radius-top-left:0px;--awb-border-radius-top-right:0px;--awb-border-radius-bottom-right:0px;--awb-border-radius-bottom-left:0px;--awb-padding-bottom:0px;--awb-padding-left:0px;--awb-flex-wrap:wrap;\" ><div class=\"fusion-builder-row fusion-row\"><div class=\"fusion-layout-column fusion_builder_column fusion-builder-column-2 fusion_builder_column_3_5 3_5 fusion-three-fifth fusion-column-first\" style=\"--awb-padding-top:24px;--awb-bg-size:cover;--awb-margin-top:55px;width:60%;width:calc(60% - ( ( 4% ) * 0.6 ) );margin-right: 4%;\"><div class=\"fusion-column-wrapper fusion-column-has-shadow fusion-flex-column-wrapper-legacy\"><div class=\"fusion-image-element in-legacy-container\" style=\"--awb-caption-title-font-family:var(--h2_typography-font-family);--awb-caption-title-font-weight:var(--h2_typography-font-weight);--awb-caption-title-font-style:var(--h2_typography-font-style);--awb-caption-title-size:var(--h2_typography-font-size);--awb-caption-title-transform:var(--h2_typography-text-transform);--awb-caption-title-line-height:var(--h2_typography-line-height);--awb-caption-title-letter-spacing:var(--h2_typography-letter-spacing);\"><span class=\" fusion-imageframe imageframe-none imageframe-1 hover-type-none\"><img decoding=\"async\" width=\"671\" height=\"249\" title=\"house\" src=\"https:\/\/granddesigneurope.com\/wp-content\/uploads\/2019\/11\/house.png\" alt class=\"img-responsive wp-image-321\" srcset=\"https:\/\/granddesigneurope.com\/wp-content\/uploads\/2019\/11\/house-200x74.png 200w, https:\/\/granddesigneurope.com\/wp-content\/uploads\/2019\/11\/house-400x148.png 400w, https:\/\/granddesigneurope.com\/wp-content\/uploads\/2019\/11\/house-600x223.png 600w, https:\/\/granddesigneurope.com\/wp-content\/uploads\/2019\/11\/house.png 671w\" sizes=\"(max-width: 800px) 100vw, 671px\" \/><\/span><\/div><div class=\"fusion-clearfix\"><\/div><\/div><\/div><div class=\"fusion-layout-column fusion_builder_column fusion-builder-column-3 fusion_builder_column_2_5 2_5 fusion-two-fifth fusion-column-last\" style=\"--awb-padding-top:24px;--awb-bg-size:cover;--awb-margin-top:55px;width:40%;width:calc(40% - ( ( 4% ) * 0.4 ) );\"><div class=\"fusion-column-wrapper fusion-column-has-shadow fusion-flex-column-wrapper-legacy\"><div class=\"fusion-text fusion-text-3\"><h2>GRAND DESIGN CONOCE EL MERCADO<\/h2>\n<p>Si acude a Otero con su terreno, le aconsejaremos de manera GRATUITA para aprovechar al m\u00e1ximo el espacio disponible. En Otero ponemos todas las cartas sobre la mesa y trabajamos de una forma completamente transparente. Estudiamos el mercado y le ofreceremos informaci\u00f3n clara y realista para que pueda sacar el m\u00e1ximo provecho de su inversi\u00f3n.<\/p>\n<\/div><div class=\"fusion-clearfix\"><\/div><\/div><\/div><\/div><\/div><div class=\"fusion-fullwidth fullwidth-box fusion-builder-row-3 nonhundred-percent-fullwidth non-hundred-percent-height-scrolling fusion-equal-height-columns\" style=\"--awb-border-radius-top-left:0px;--awb-border-radius-top-right:0px;--awb-border-radius-bottom-right:0px;--awb-border-radius-bottom-left:0px;--awb-padding-bottom:0px;--awb-padding-left:0px;--awb-flex-wrap:wrap;\" ><div class=\"fusion-builder-row fusion-row\"><div class=\"fusion-layout-column fusion_builder_column fusion-builder-column-4 fusion_builder_column_2_5 2_5 fusion-two-fifth fusion-column-first\" style=\"--awb-padding-top:24px;--awb-bg-size:cover;--awb-margin-top:55px;width:40%;width:calc(40% - ( ( 4% ) * 0.4 ) );margin-right: 4%;\"><div class=\"fusion-column-wrapper fusion-column-has-shadow fusion-flex-column-wrapper-legacy\"><div class=\"fusion-text fusion-text-4\"><h2 style=\"text-align: right;\">GRAND DESIGN DISE\u00d1A LOS MEJORES HOGARES<\/h2>\n<p style=\"text-align: right;\">Dise\u00f1amos la casa de sus sue\u00f1os, creamos modelos en 3D del resultado final y construimos pensando en vender. Conocemos el mercado y los productos que realmente venden. Teniendo esto presente, le ofreceremos un dise\u00f1o basado en nuestros conocimientos del sector. Nuestros dise\u00f1os son GRATUITOS, sin compromiso<\/p>\n<\/div><div class=\"fusion-clearfix\"><\/div><\/div><\/div><div class=\"fusion-layout-column fusion_builder_column fusion-builder-column-5 fusion_builder_column_3_5 3_5 fusion-three-fifth fusion-column-last\" style=\"--awb-padding-top:24px;--awb-bg-size:cover;--awb-margin-top:55px;width:60%;width:calc(60% - ( ( 4% ) * 0.6 ) );\"><div class=\"fusion-column-wrapper fusion-column-has-shadow fusion-flex-column-wrapper-legacy\"><div class=\"fusion-image-element in-legacy-container\" style=\"--awb-caption-title-font-family:var(--h2_typography-font-family);--awb-caption-title-font-weight:var(--h2_typography-font-weight);--awb-caption-title-font-style:var(--h2_typography-font-style);--awb-caption-title-size:var(--h2_typography-font-size);--awb-caption-title-transform:var(--h2_typography-text-transform);--awb-caption-title-line-height:var(--h2_typography-line-height);--awb-caption-title-letter-spacing:var(--h2_typography-letter-spacing);\"><span class=\" fusion-imageframe imageframe-none imageframe-2 hover-type-none\"><img decoding=\"async\" width=\"671\" height=\"249\" title=\"2\" src=\"https:\/\/granddesigneurope.com\/wp-content\/uploads\/2019\/11\/2.png\" alt class=\"img-responsive wp-image-326\" srcset=\"https:\/\/granddesigneurope.com\/wp-content\/uploads\/2019\/11\/2-200x74.png 200w, https:\/\/granddesigneurope.com\/wp-content\/uploads\/2019\/11\/2-400x148.png 400w, https:\/\/granddesigneurope.com\/wp-content\/uploads\/2019\/11\/2-600x223.png 600w, https:\/\/granddesigneurope.com\/wp-content\/uploads\/2019\/11\/2.png 671w\" sizes=\"(max-width: 800px) 100vw, 671px\" \/><\/span><\/div><div class=\"fusion-clearfix\"><\/div><\/div><\/div><\/div><\/div><div class=\"fusion-fullwidth fullwidth-box fusion-builder-row-4 nonhundred-percent-fullwidth non-hundred-percent-height-scrolling fusion-equal-height-columns\" style=\"--awb-border-radius-top-left:0px;--awb-border-radius-top-right:0px;--awb-border-radius-bottom-right:0px;--awb-border-radius-bottom-left:0px;--awb-padding-bottom:0px;--awb-padding-left:0px;--awb-flex-wrap:wrap;\" ><div class=\"fusion-builder-row fusion-row\"><div class=\"fusion-layout-column fusion_builder_column fusion-builder-column-6 fusion_builder_column_3_5 3_5 fusion-three-fifth fusion-column-first\" style=\"--awb-padding-top:24px;--awb-bg-size:cover;--awb-margin-top:55px;width:60%;width:calc(60% - ( ( 4% ) * 0.6 ) );margin-right: 4%;\"><div class=\"fusion-column-wrapper fusion-column-has-shadow fusion-flex-column-wrapper-legacy\"><div class=\"fusion-image-element in-legacy-container\" style=\"--awb-caption-title-font-family:var(--h2_typography-font-family);--awb-caption-title-font-weight:var(--h2_typography-font-weight);--awb-caption-title-font-style:var(--h2_typography-font-style);--awb-caption-title-size:var(--h2_typography-font-size);--awb-caption-title-transform:var(--h2_typography-text-transform);--awb-caption-title-line-height:var(--h2_typography-line-height);--awb-caption-title-letter-spacing:var(--h2_typography-letter-spacing);\"><span class=\" fusion-imageframe imageframe-none imageframe-3 hover-type-none\"><img decoding=\"async\" width=\"671\" height=\"249\" title=\"3\" src=\"https:\/\/granddesigneurope.com\/wp-content\/uploads\/2019\/11\/3.png\" alt class=\"img-responsive wp-image-329\" srcset=\"https:\/\/granddesigneurope.com\/wp-content\/uploads\/2019\/11\/3-200x74.png 200w, https:\/\/granddesigneurope.com\/wp-content\/uploads\/2019\/11\/3-400x148.png 400w, https:\/\/granddesigneurope.com\/wp-content\/uploads\/2019\/11\/3-600x223.png 600w, https:\/\/granddesigneurope.com\/wp-content\/uploads\/2019\/11\/3.png 671w\" sizes=\"(max-width: 800px) 100vw, 671px\" \/><\/span><\/div><div class=\"fusion-clearfix\"><\/div><\/div><\/div><div class=\"fusion-layout-column fusion_builder_column fusion-builder-column-7 fusion_builder_column_2_5 2_5 fusion-two-fifth fusion-column-last\" style=\"--awb-padding-top:24px;--awb-bg-size:cover;--awb-margin-top:55px;width:40%;width:calc(40% - ( ( 4% ) * 0.4 ) );\"><div class=\"fusion-column-wrapper fusion-column-has-shadow fusion-flex-column-wrapper-legacy\"><div class=\"fusion-text fusion-text-5\"><h2>GRAND DESIGN ENTREGA SU CASA EN EL PLAZO Y POR EL PRESUPUESTO ACORDADOS<\/h2>\n<p>Grand Design le evita las sorpresas desagradables. Gracias a sus m\u00e1s de 60 a\u00f1os de experiencia y un equipo de ingenieros civiles, constructores, jefes de obras y proyecto especializados, construiremos su villa en tan solo 10 meses. En un a\u00f1o su proyecto pasar\u00e1 de ser un sue\u00f1o a convertirse en una realidad, sin costes adicionales ni sorpresas desagradables.<\/p>\n<\/div><div class=\"fusion-clearfix\"><\/div><\/div><\/div><\/div><\/div><div class=\"fusion-fullwidth fullwidth-box fusion-builder-row-5 nonhundred-percent-fullwidth non-hundred-percent-height-scrolling fusion-equal-height-columns\" style=\"--awb-border-radius-top-left:0px;--awb-border-radius-top-right:0px;--awb-border-radius-bottom-right:0px;--awb-border-radius-bottom-left:0px;--awb-padding-bottom:0px;--awb-padding-left:0px;--awb-flex-wrap:wrap;\" ><div class=\"fusion-builder-row fusion-row\"><div class=\"fusion-layout-column fusion_builder_column fusion-builder-column-8 fusion_builder_column_2_5 2_5 fusion-two-fifth fusion-column-first\" style=\"--awb-padding-top:24px;--awb-bg-size:cover;--awb-margin-top:55px;width:40%;width:calc(40% - ( ( 4% ) * 0.4 ) );margin-right: 4%;\"><div class=\"fusion-column-wrapper fusion-column-has-shadow fusion-flex-column-wrapper-legacy\"><div class=\"fusion-text fusion-text-6\"><h2 style=\"text-align: right;\">GRAND DESIGN LE AYUDA OBTENER BENEFICIOS DE SUS INVERSIONES<\/h2>\n<p style=\"text-align: right;\">Si desea obtener una rentabilidad concreta, iniciamos el proyecto centrados en ese objetivo. Otero tiene en cuenta de manera integral todos los costes de construcci\u00f3n y materiales, el proceso necesario para obtener los permisos de obra, las tarifas y legalidades, y las exigencias del mercado. Otero se encarga absolutamente de todo.<\/p>\n<\/div><div class=\"fusion-clearfix\"><\/div><\/div><\/div><div class=\"fusion-layout-column fusion_builder_column fusion-builder-column-9 fusion_builder_column_3_5 3_5 fusion-three-fifth fusion-column-last\" style=\"--awb-padding-top:24px;--awb-bg-size:cover;--awb-margin-top:55px;width:60%;width:calc(60% - ( ( 4% ) * 0.6 ) );\"><div class=\"fusion-column-wrapper fusion-column-has-shadow fusion-flex-column-wrapper-legacy\"><div class=\"fusion-image-element in-legacy-container\" style=\"--awb-caption-title-font-family:var(--h2_typography-font-family);--awb-caption-title-font-weight:var(--h2_typography-font-weight);--awb-caption-title-font-style:var(--h2_typography-font-style);--awb-caption-title-size:var(--h2_typography-font-size);--awb-caption-title-transform:var(--h2_typography-text-transform);--awb-caption-title-line-height:var(--h2_typography-line-height);--awb-caption-title-letter-spacing:var(--h2_typography-letter-spacing);\"><span class=\" fusion-imageframe imageframe-none imageframe-4 hover-type-none\"><img decoding=\"async\" width=\"671\" height=\"249\" title=\"4\" src=\"https:\/\/granddesigneurope.com\/wp-content\/uploads\/2019\/11\/4.png\" alt class=\"img-responsive wp-image-331\" srcset=\"https:\/\/granddesigneurope.com\/wp-content\/uploads\/2019\/11\/4-200x74.png 200w, https:\/\/granddesigneurope.com\/wp-content\/uploads\/2019\/11\/4-400x148.png 400w, https:\/\/granddesigneurope.com\/wp-content\/uploads\/2019\/11\/4-600x223.png 600w, https:\/\/granddesigneurope.com\/wp-content\/uploads\/2019\/11\/4.png 671w\" sizes=\"(max-width: 800px) 100vw, 671px\" \/><\/span><\/div><div class=\"fusion-clearfix\"><\/div><\/div><\/div><\/div><\/div><div class=\"fusion-fullwidth fullwidth-box fusion-builder-row-6 nonhundred-percent-fullwidth non-hundred-percent-height-scrolling\" style=\"--awb-border-radius-top-left:0px;--awb-border-radius-top-right:0px;--awb-border-radius-bottom-right:0px;--awb-border-radius-bottom-left:0px;--awb-padding-top:5%;--awb-padding-bottom:5%;--awb-background-image:radial-gradient(circle at center center, rgba(3,169,244,0.92) 0%,#0286ce 100%);--awb-flex-wrap:wrap;\" ><div class=\"fusion-builder-row fusion-row\"><div class=\"fusion-layout-column fusion_builder_column fusion-builder-column-10 fusion_builder_column_1_3 1_3 fusion-one-third fusion-column-first\" style=\"--awb-bg-size:cover;width:33.333333333333%;width:calc(33.333333333333% - ( ( 4% ) * 0.33333333333333 ) );margin-right: 4%;\"><div class=\"fusion-column-wrapper fusion-column-has-shadow fusion-flex-column-wrapper-legacy\"><div class=\"fusion-title title fusion-title-1 fusion-sep-none fusion-title-text fusion-title-size-one\" style=\"--awb-text-color:#ffffff;\"><h1 class=\"fusion-title-heading title-heading-left\" style=\"margin:0;\">CONT\u00c1CTENOS<\/h1><\/div><div class=\"fusion-text fusion-text-7\"><p><span style=\"color: #ffffff;\">\u00bfTiene un proyecto en progreso y necesita un socio confiable para trabajar? Entonces has venido a la compa\u00f1\u00eda correcta. No dude en contactarnos e informarnos sobre sus pensamientos. Complete el formulario si desea que lo llamemos.<\/span><\/p>\n<h2><span style=\"color: #ffffff;\"> OFICINA CENTRAL <\/span><\/h2>\n<p><span style=\"color: #ffffff;\">Tunav\u00e4gen 7 B<\/span><br \/>\n<span style=\"color: #ffffff;\">181 65 Liding\u00f6, Suecia <\/span><\/p>\n<p><span style=\"color: #ffffff;\">+46 76 169 58 10<\/span><br \/>\n<span style=\"color: #ffffff;\">info@gdsweden.com<\/span><\/p>\n<\/div><div class=\"fusion-clearfix\"><\/div><\/div><\/div><div class=\"fusion-layout-column fusion_builder_column fusion-builder-column-11 fusion_builder_column_2_3 2_3 fusion-two-third fusion-column-last\" style=\"--awb-padding-top:2%;--awb-padding-right:5%;--awb-padding-bottom:0%;--awb-padding-left:5%;--awb-overflow:hidden;--awb-bg-color:#e8e8e8;--awb-bg-color-hover:#e8e8e8;--awb-bg-size:cover;--awb-border-radius:10px 10px 10px 10px;width:66.666666666667%;width:calc(66.666666666667% - ( ( 4% ) * 0.66666666666667 ) );\"><div class=\"fusion-column-wrapper fusion-column-has-shadow fusion-flex-column-wrapper-legacy\"><div class=\"forminator-ui forminator-custom-form forminator-custom-form-358 forminator-design--material forminator-enclosed forminator_ajax\" data-forminator-render=\"1\" data-form=\"forminator-module-358\" data-uid=\"69eb2ab243ba7\"><br\/><\/div><form\n\t\t\t\tid=\"forminator-module-358\"\n\t\t\t\tclass=\"forminator-ui forminator-custom-form forminator-custom-form-358 forminator-design--material forminator-enclosed forminator_ajax\"\n\t\t\t\tmethod=\"post\"\n\t\t\t\tdata-forminator-render=\"1\"\n\t\t\t\tdata-form-id=\"358\"\n\t\t\t\t data-color-option=\"default\" data-design=\"material\" data-grid=\"enclosed\" style=\"display: none;\"\n\t\t\t\tdata-uid=\"69eb2ab243ba7\"\n\t\t\t><div role=\"alert\" aria-live=\"polite\" class=\"forminator-response-message forminator-error\" aria-hidden=\"true\"><\/div><div class=\"forminator-row\"><div id=\"name-1\" class=\"forminator-field-name forminator-col forminator-col-6 \"><div class=\"forminator-field\"><label for=\"forminator-field-name-1_69eb2ab243ba7\" id=\"forminator-field-name-1_69eb2ab243ba7-label\" class=\"forminator-label\">Nombre <span class=\"forminator-required\">*<\/span><\/label><input type=\"text\" name=\"name-1\" value=\"\" placeholder=\"\" id=\"forminator-field-name-1_69eb2ab243ba7\" class=\"forminator-input forminator-name--field\" aria-required=\"true\" autocomplete=\"name\" \/><\/div><\/div><div id=\"phone-1\" class=\"forminator-field-phone forminator-col forminator-col-6 \"><div class=\"forminator-field\"><label for=\"forminator-field-phone-1_69eb2ab243ba7\" id=\"forminator-field-phone-1_69eb2ab243ba7-label\" class=\"forminator-label\">Tel\u00e9fono<\/label><input type=\"text\" name=\"phone-1\" value=\"\" placeholder=\"\" id=\"forminator-field-phone-1_69eb2ab243ba7\" class=\"forminator-input forminator-field--phone\" data-required=\"\" aria-required=\"false\" autocomplete=\"off\" data-validation=\"1\" \/><\/div><\/div><\/div><div class=\"forminator-row\"><div id=\"email-1\" class=\"forminator-field-email forminator-col forminator-col-12 \"><div class=\"forminator-field\"><label for=\"forminator-field-email-1_69eb2ab243ba7\" id=\"forminator-field-email-1_69eb2ab243ba7-label\" class=\"forminator-label\">Email <span class=\"forminator-required\">*<\/span><\/label><input type=\"email\" name=\"email-1\" value=\"\" placeholder=\"Email\" id=\"forminator-field-email-1_69eb2ab243ba7\" class=\"forminator-input forminator-email--field\" data-required=\"true\" aria-required=\"true\" autocomplete=\"email\" \/><\/div><\/div><\/div><div class=\"forminator-row\"><div id=\"textarea-1\" class=\"forminator-field-textarea forminator-col forminator-col-12 \"><div class=\"forminator-field\"><label for=\"forminator-field-textarea-1_69eb2ab243ba7\" id=\"forminator-field-textarea-1_69eb2ab243ba7-label\" class=\"forminator-label\">Descripci\u00f3n del proyecto<\/label><textarea name=\"textarea-1\" placeholder=\"\" id=\"forminator-field-textarea-1_69eb2ab243ba7\" class=\"forminator-textarea\" rows=\"6\" style=\"--forminator-textarea-min-height:140px;\" maxlength=\"180\" ><\/textarea><span id=\"forminator-field-textarea-1_69eb2ab243ba7-description\" class=\"forminator-description\"><span data-limit=\"180\" data-type=\"characters\" data-editor=\"\">0 \/ 180<\/span><\/span><\/div><\/div><\/div><div class=\"forminator-row\"><div id=\"captcha-1\" class=\"forminator-field-captcha forminator-col forminator-col-12 \"><div class=\"forminator-captcha-left forminator-g-recaptcha recaptcha-invisible\" data-theme=\"light\" data-badge=\"inline\" data-sitekey=\"6LdhDZIUAAAAAPdCI55R4gLOXhcX_N_aRfkFZBDc\" data-size=\"invisible\"><\/div> <\/div><\/div><input type=\"hidden\" name=\"referer_url\" value=\"\" \/><div class=\"forminator-row forminator-row-last\"><div class=\"forminator-col\"><div class=\"forminator-field\"><button class=\"forminator-button forminator-button-submit\"><span>Send<\/span><span aria-hidden=\"true\"><\/span><\/button><\/div><\/div><\/div><input type=\"hidden\" id=\"forminator_nonce\" name=\"forminator_nonce\" value=\"da598b7b6d\" \/><input type=\"hidden\" name=\"_wp_http_referer\" value=\"\/es\/wp-json\/wp\/v2\/pages\/401\" \/><input type=\"hidden\" name=\"form_id\" value=\"358\"><input type=\"hidden\" name=\"page_id\" value=\"401\"><input type=\"hidden\" name=\"form_type\" value=\"\"><input type=\"hidden\" name=\"current_url\" value=\"https:\/\/granddesigneurope.com\/es\/porque-nosotros\/\"><input type=\"hidden\" name=\"render_id\" value=\"1\"><input type=\"hidden\" name=\"action\" value=\"forminator_submit_form_custom-forms\"><\/form><div class=\"fusion-clearfix\"><\/div><\/div><\/div><\/div><\/div><\/p>\n","protected":false},"excerpt":{"rendered":"","protected":false},"author":1,"featured_media":0,"parent":0,"menu_order":0,"comment_status":"closed","ping_status":"closed","template":"100-width.php","meta":{"footnotes":""},"class_list":["post-401","page","type-page","status-publish","hentry"],"_links":{"self":[{"href":"https:\/\/granddesigneurope.com\/es\/wp-json\/wp\/v2\/pages\/401","targetHints":{"allow":["GET"]}}],"collection":[{"href":"https:\/\/granddesigneurope.com\/es\/wp-json\/wp\/v2\/pages"}],"about":[{"href":"https:\/\/granddesigneurope.com\/es\/wp-json\/wp\/v2\/types\/page"}],"author":[{"embeddable":true,"href":"https:\/\/granddesigneurope.com\/es\/wp-json\/wp\/v2\/users\/1"}],"replies":[{"embeddable":true,"href":"https:\/\/granddesigneurope.com\/es\/wp-json\/wp\/v2\/comments?post=401"}],"version-history":[{"count":0,"href":"https:\/\/granddesigneurope.com\/es\/wp-json\/wp\/v2\/pages\/401\/revisions"}],"wp:attachment":[{"href":"https:\/\/granddesigneurope.com\/es\/wp-json\/wp\/v2\/media?parent=401"}],"curies":[{"name":"wp","href":"https:\/\/api.w.org\/{rel}","templated":true}]}}