{"id":395,"date":"2019-11-13T20:10:43","date_gmt":"2019-11-13T19:10:43","guid":{"rendered":"https:\/\/granddesigneurope.com\/?page_id=395"},"modified":"2019-12-09T18:56:14","modified_gmt":"2019-12-09T17:56:14","slug":"sobre-nosotros","status":"publish","type":"page","link":"https:\/\/granddesigneurope.com\/es\/sobre-nosotros\/","title":{"rendered":"Sobre nosotros"},"content":{"rendered":"<p><div class=\"fusion-fullwidth fullwidth-box fusion-builder-row-1 nonhundred-percent-fullwidth non-hundred-percent-height-scrolling\" style=\"--awb-border-radius-top-left:0px;--awb-border-radius-top-right:0px;--awb-border-radius-bottom-right:0px;--awb-border-radius-bottom-left:0px;--awb-margin-top:10%;--awb-margin-bottom:10%;--awb-flex-wrap:wrap;\" ><div class=\"fusion-builder-row fusion-row\"><div class=\"fusion-layout-column fusion_builder_column fusion-builder-column-0 fusion_builder_column_1_6 1_6 fusion-one-sixth fusion-column-first\" style=\"--awb-bg-size:cover;width:16.666666666667%;width:calc(16.666666666667% - ( ( 4% ) * 0.16666666666667 ) );margin-right: 4%;\"><div class=\"fusion-column-wrapper fusion-column-has-shadow fusion-flex-column-wrapper-legacy\"><div class=\"fusion-clearfix\"><\/div><\/div><\/div><div class=\"fusion-layout-column fusion_builder_column fusion-builder-column-1 fusion_builder_column_4_5 4_5 fusion-four-fifth fusion-column-last\" style=\"--awb-bg-size:cover;width:80%;width:calc(80% - ( ( 4% ) * 0.8 ) );\"><div class=\"fusion-column-wrapper fusion-column-has-shadow fusion-flex-column-wrapper-legacy\"><div class=\"fusion-title title fusion-title-1 fusion-sep-none fusion-title-text fusion-title-size-one\"><h1 class=\"fusion-title-heading title-heading-left\" style=\"margin:0;\">ALGUNAS PALABRAS SOBRE NOSOTROS<\/h1><\/div><div class=\"fusion-text fusion-text-1\"><p>Grand Design Sweden fue fundada en 2014 por Claudio Gyllman con la visi\u00f3n de crear una empresa de construcci\u00f3n con un enfoque ecol\u00f3gico.<\/p>\n<p>Nuestra misi\u00f3n es satisfacer las necesidades de nuestros clientes de soluciones rentables y trabajos de construcci\u00f3n de alta calidad, ofreciendo productos de alta calidad, respetuosos con el medio ambiente y de alta calidad, a tiempo y con el servicio adecuado.<\/p>\n<p>Podemos ofrecer a nuestros clientes una soluci\u00f3n total ya que tenemos todos los servicios bajo el mismo techo, como control de calidad, gesti\u00f3n de proyectos, electricidad, fontaner\u00eda y una serie de proveedores de productos. Ponemos gran \u00e9nfasis en la confiabilidad, profesionalismo, seguridad y calidad.<br \/>\nNuestros socios son cuidadosamente seleccionados tanto por su habilidad profesional como por su confiabilidad.<\/p>\n<\/div><div class=\"fusion-clearfix\"><\/div><\/div><\/div><\/div><\/div><div class=\"fusion-fullwidth fullwidth-box fusion-builder-row-2 nonhundred-percent-fullwidth non-hundred-percent-height-scrolling\" style=\"--awb-border-radius-top-left:0px;--awb-border-radius-top-right:0px;--awb-border-radius-bottom-right:0px;--awb-border-radius-bottom-left:0px;--awb-flex-wrap:wrap;\" ><div class=\"fusion-builder-row fusion-row\"><div class=\"fusion-layout-column fusion_builder_column fusion-builder-column-2 fusion_builder_column_1_3 1_3 fusion-one-third fusion-column-first\" style=\"--awb-bg-size:cover;width:33.333333333333%;width:calc(33.333333333333% - ( ( 4% + 4% ) * 0.33333333333333 ) );margin-right: 4%;\"><div class=\"fusion-column-wrapper fusion-column-has-shadow fusion-flex-column-wrapper-legacy\"><div class=\"fusion-text fusion-text-2\"><h1>Nuestra promesa<\/h1>\n<p>Nuestros artesanos son cuidadosamente seleccionados tanto por su habilidad profesional como por su confiabilidad. Por supuesto, la promesa de Grand Design es una gu\u00eda para todos nosotros. Alta calidad, a tiempo, al precio justo.<\/p>\n<\/div><div class=\"fusion-clearfix\"><\/div><\/div><\/div><div class=\"fusion-layout-column fusion_builder_column fusion-builder-column-3 fusion_builder_column_1_3 1_3 fusion-one-third\" style=\"--awb-bg-size:cover;width:33.333333333333%;width:calc(33.333333333333% - ( ( 4% + 4% ) * 0.33333333333333 ) );margin-right: 4%;\"><div class=\"fusion-column-wrapper fusion-column-has-shadow fusion-flex-column-wrapper-legacy\"><div class=\"fusion-text fusion-text-3\"><h1>Reconstrucci\u00f3n<\/h1>\n<p>Realizamos todo tipo de remodelaciones, tanto en hogares como en lugares de trabajo, ya sea para agregar un piso adicional, ampliar el n\u00famero de habitaciones o disponer de espacio.<\/p>\n<\/div><div class=\"fusion-clearfix\"><\/div><\/div><\/div><div class=\"fusion-layout-column fusion_builder_column fusion-builder-column-4 fusion_builder_column_1_3 1_3 fusion-one-third fusion-column-last\" style=\"--awb-bg-size:cover;width:33.333333333333%;width:calc(33.333333333333% - ( ( 4% + 4% ) * 0.33333333333333 ) );\"><div class=\"fusion-column-wrapper fusion-column-has-shadow fusion-flex-column-wrapper-legacy\"><div class=\"fusion-text fusion-text-4\"><h1>Construcci\u00f3n<\/h1>\n<p>Nos encanta construir desde cero y cuidar de todo, desde propiedades de f\u00e1brica hasta casas unifamiliares.<\/p>\n<\/div><div class=\"fusion-clearfix\"><\/div><\/div><\/div><\/div><\/div><\/p>\n","protected":false},"excerpt":{"rendered":"","protected":false},"author":1,"featured_media":0,"parent":0,"menu_order":0,"comment_status":"closed","ping_status":"closed","template":"100-width.php","meta":{"footnotes":""},"class_list":["post-395","page","type-page","status-publish","hentry"],"_links":{"self":[{"href":"https:\/\/granddesigneurope.com\/es\/wp-json\/wp\/v2\/pages\/395","targetHints":{"allow":["GET"]}}],"collection":[{"href":"https:\/\/granddesigneurope.com\/es\/wp-json\/wp\/v2\/pages"}],"about":[{"href":"https:\/\/granddesigneurope.com\/es\/wp-json\/wp\/v2\/types\/page"}],"author":[{"embeddable":true,"href":"https:\/\/granddesigneurope.com\/es\/wp-json\/wp\/v2\/users\/1"}],"replies":[{"embeddable":true,"href":"https:\/\/granddesigneurope.com\/es\/wp-json\/wp\/v2\/comments?post=395"}],"version-history":[{"count":1,"href":"https:\/\/granddesigneurope.com\/es\/wp-json\/wp\/v2\/pages\/395\/revisions"}],"predecessor-version":[{"id":615,"href":"https:\/\/granddesigneurope.com\/es\/wp-json\/wp\/v2\/pages\/395\/revisions\/615"}],"wp:attachment":[{"href":"https:\/\/granddesigneurope.com\/es\/wp-json\/wp\/v2\/media?parent=395"}],"curies":[{"name":"wp","href":"https:\/\/api.w.org\/{rel}","templated":true}]}}